{"id":24,"date":"2015-09-28T04:52:36","date_gmt":"2015-09-28T02:52:36","guid":{"rendered":"http:\/\/lnx.vosma.org\/onlus\/?page_id=24"},"modified":"2017-09-12T10:39:58","modified_gmt":"2017-09-12T08:39:58","slug":"mezzi","status":"publish","type":"page","link":"https:\/\/www.vosma.org\/onlus\/mezzi\/","title":{"rendered":"Mezzi"},"content":{"rendered":"<p>Un adeguata attivit\u00e0 di Protezione Civile, anche nel settore del salvamento a mare, impone l\u2019impiego di attrezzature e mezzi funzionali ed all\u2019avanguardia cos\u00ec da poter tutela gli individui garantendo la sicurezza degli operatori impegnati in tali compiti. Partendo da tale fondamentale presupposto, la Vo.S.Ma. ONLUS rilevando le concrete necessit\u00e0 operative scaturenti dalla propria attivit\u00e0 ha profuso il proprio impegno nel conseguire una sempre maggiore capacit\u00e0 tecnica attraverso l\u2019acquisizione di veicoli stradali quad allestiti per il primo soccorso per far fronte alle emergenze verificabili a terra sia lungo i litorali che in altri ulteriori terreni di impiego, che di moto d\u2019acqua di recente concezione ed elevata <em>performance<\/em> operativa tutti costantemente oggetto di severi test di efficienza e periodica manutenzione.<\/p>\n","protected":false},"excerpt":{"rendered":"<p>Un adeguata attivit\u00e0 di Protezione Civile, anche nel settore del salvamento a mare, impone l\u2019impiego di attrezzature e mezzi funzionali ed all\u2019avanguardia cos\u00ec da poter tutela gli individui garantendo la sicurezza degli operatori impegnati in tali compiti. Partendo da tale fondamentale presupposto, la Vo.S.Ma. ONLUS rilevando le concrete necessit\u00e0 operative scaturenti dalla propria attivit\u00e0 ha<\/p>\n<p><a href=\"https:\/\/www.vosma.org\/onlus\/mezzi\/\" class=\"more-link themebutton\">Read More<\/a><\/p>\n","protected":false},"author":1,"featured_media":0,"parent":0,"menu_order":0,"comment_status":"closed","ping_status":"closed","template":"","meta":{"footnotes":""},"class_list":["post-24","page","type-page","status-publish","hentry"],"_links":{"self":[{"href":"https:\/\/www.vosma.org\/onlus\/wp-json\/wp\/v2\/pages\/24"}],"collection":[{"href":"https:\/\/www.vosma.org\/onlus\/wp-json\/wp\/v2\/pages"}],"about":[{"href":"https:\/\/www.vosma.org\/onlus\/wp-json\/wp\/v2\/types\/page"}],"author":[{"embeddable":true,"href":"https:\/\/www.vosma.org\/onlus\/wp-json\/wp\/v2\/users\/1"}],"replies":[{"embeddable":true,"href":"https:\/\/www.vosma.org\/onlus\/wp-json\/wp\/v2\/comments?post=24"}],"version-history":[{"count":3,"href":"https:\/\/www.vosma.org\/onlus\/wp-json\/wp\/v2\/pages\/24\/revisions"}],"predecessor-version":[{"id":155,"href":"https:\/\/www.vosma.org\/onlus\/wp-json\/wp\/v2\/pages\/24\/revisions\/155"}],"wp:attachment":[{"href":"https:\/\/www.vosma.org\/onlus\/wp-json\/wp\/v2\/media?parent=24"}],"curies":[{"name":"wp","href":"https:\/\/api.w.org\/{rel}","templated":true}]}}