{"id":32,"date":"2015-09-28T04:55:05","date_gmt":"2015-09-28T02:55:05","guid":{"rendered":"http:\/\/lnx.vosma.org\/onlus\/?page_id=32"},"modified":"2018-05-29T08:58:26","modified_gmt":"2018-05-29T06:58:26","slug":"progetto-surf-rescue-school","status":"publish","type":"page","link":"https:\/\/www.vosma.org\/onlus\/progetto-surf-rescue-school\/","title":{"rendered":"Progetto Surf Rescue School"},"content":{"rendered":"<p><a href=\"http:\/\/www.vosma.org\/onlus\/wp-content\/uploads\/2015\/12\/IMG_0434.jpg\" data-rel=\"lightbox-image-0\" data-rl_title=\"\" data-rl_caption=\"\" title=\"\"><img loading=\"lazy\" decoding=\"async\" class=\"alignright wp-image-93 size-column3-4\/5\" src=\"http:\/\/www.vosma.org\/onlus\/wp-content\/uploads\/2015\/12\/IMG_0434-320x256.jpg\" alt=\"IMG_0434\" width=\"320\" height=\"256\" srcset=\"https:\/\/www.vosma.org\/onlus\/wp-content\/uploads\/2015\/12\/IMG_0434-320x256.jpg 320w, https:\/\/www.vosma.org\/onlus\/wp-content\/uploads\/2015\/12\/IMG_0434-960x768.jpg 960w, https:\/\/www.vosma.org\/onlus\/wp-content\/uploads\/2015\/12\/IMG_0434-480x384.jpg 480w, https:\/\/www.vosma.org\/onlus\/wp-content\/uploads\/2015\/12\/IMG_0434-240x192.jpg 240w\" sizes=\"(max-width: 320px) 100vw, 320px\" \/><\/a>Al fine di diffondere il concetto della sicurezza in mare, in ottica di prevenzione dei rischi da parte dell\u2019utenza balneare, l\u2019Associazione Vo.S.Ma. ONLUS. con il fondamentale contributo della Fondazione Banco di Sardegna, ha realizzato un\u2019iniziativa volta all\u2019apprendimento delle nozioni basilari di sicurezza attuando altres\u00ec una vera e propria sensibilizzazione ambientale verso diversi giovani attraverso l\u2019avvicinamento strumentale alla pratica del <em>surf<\/em> da onda presso la baia di Porto Ferro nel corso dell\u2019estate 2015.<\/p>\n<p>Infatti, nei mesi di giugno e luglio la struttura associativa ha dedicato tempo ed impegno alla fondamentale fase organizzativa al fine di poter meglio definire sia le azioni da realizzare per l\u2019ottimale riuscita del progetto che programmare efficacemente le relative spese da sostenere corrispondentemente alle esigenze attuative dell\u2019iniziativa.<\/p>\n<p>In tale delicato momento organizzativo sono stati valutati e previsti diversi aspetti inerenti in particolare la definizione delle singole attivit\u00e0 pratiche da svolgersi in favore dei beneficiari dell\u2019iniziativa, come gi\u00e0 individuati in sede di proposta progettuale, che a seguito ad approfondita analisi e valutazione sono stati meglio elaborati e delineati di concerto con l\u2019organizzazione partner per la fase attuativa dedicata alla disciplina sportiva <em>surfistica<\/em>, quale l\u2019A.S.D. Bonga Surf Family.<\/p>\n<p>Concluso tale primo passaggio procedurale, si \u00e8 provveduto a promuovere diffusamente ed adeguatamente, attraverso apposite pubblicazioni sui principali quotidiani locali sia cartacei che telematici, i vari avvisi di attivazione delle attivit\u00e0 predisposte in forma corsistica cos\u00ec da raggiungere il maggior numero possibile di possibili partecipanti. Inoltre, si \u00e8 proceduto a creare una pagina evento sul social network Facebook, cos\u00ec da veicolare maggiormente in maniera smaterializzata ed ampiamente pervasiva tutte le informazioni sia di avvio che di tenuta delle attivit\u00e0 in modo da permettere una forma di comunicazione immediata e liberamente fruibile, in particolare in merito al materiale multimediale prodotto in occasione delle attivit\u00e0 progettuali. A tal proposito si \u00e8 preferito rendere consultabile e compilabile <em>online<\/em> la modulistica per la partecipazione all\u2019iniziativa da trasmettere ad un indirizzo di posta elettronica dedicato altres\u00ec alle comunicazioni con i fruitori stessi, reso noto altres\u00ec attraverso le predette forme di comunicazione.<br \/>\nUna volta ricevute le richieste di partecipazione all\u2019iniziativa in questione, ed a seguito della convocazione dei richiedenti e loro conoscenza diretta con la presentazione dei membri dello staff organizzativo ed attuativo del progetto, si \u00e8 passato alla fase pratica vera e propria.<\/p>\n<p>Le attivit\u00e0 gestite in forma corsistica, come sopra accennato, hanno visto coinvolti da parte dell\u2019Associazione Vo.S.Ma. ONLUS numerosi soci volontari in possesso di brevetto di assistente bagnanti e di pluriennale esperienza nel campo della sicurezza in mare. I predetti soci assistenti bagnanti, oltre che supportare i fruitori dell\u2019intervento in questione nell\u2019apprendimento degli opportuni comportamenti da adottare in ambiente marino in occasione della comune pratica natatoria, illustrando ed attuando a livello pratico i principi del galleggiamento in acqua dei corpi viventi altres\u00ec con l\u2019ausilio delle tavole di soccorso impiegate per il salvamento in mare, hanno, inoltre, fatto sperimentare ai partecipanti le basilari tecniche di salvamento a tutela della vita umana, realizzando, peraltro, apposite simulazioni di salvataggio in un\u2019ottica di solidariet\u00e0 verso il prossimo, in quanto pu\u00f2 ben capitare a chiunque di poter prestare il proprio aiuto al prossimo seppur garantendo preliminarmente la propria sicurezza in acqua.<\/p>\n<p>A tale organico cos\u00ec predisposto, si \u00e8 aggiunto, a completamento essenziale dell\u2019opera di realizzazione delle finalit\u00e0 progettuali come ideate originariamente, il prezioso ed indispensabile supporto tecnico \u2013 didattico del personale della summenzionata A.S.D. Bonga Surf Family. Tale organizzazione, dedita sin dalla sua costituzione alla diffusione della pratica amatoriale ed agonistica del surf da onda, si \u00e8 impegnata efficacemente nell\u2019avvicinamento teorico \u2013 pratico a detta disciplina in favore dei numerosi partecipanti all\u2019iniziativa in parola, i quali in un\u2019et\u00e0 compresa tra i 18 ed i 40 anni, hanno potuto imparare entusiasti le tecniche di tenuta sulla tavola da surf, di manovra di tale strumento, nonch\u00e9 di vero e proprio movimento consapevole e sicuro tra i frangenti. Sin dalle prime giornate, grazie al sapiente e mirato approccio formativo degli operatori della <a href=\"http:\/\/www.vosma.org\/onlus\/wp-content\/uploads\/2015\/12\/IMG_0525.jpg\" data-rel=\"lightbox-image-1\" data-rl_title=\"\" data-rl_caption=\"\" title=\"\"><img loading=\"lazy\" decoding=\"async\" class=\"alignleft wp-image-103 size-column3-4\/5\" src=\"http:\/\/www.vosma.org\/onlus\/wp-content\/uploads\/2015\/12\/IMG_0525-320x256.jpg\" alt=\"IMG_0525\" width=\"320\" height=\"256\" srcset=\"https:\/\/www.vosma.org\/onlus\/wp-content\/uploads\/2015\/12\/IMG_0525-320x256.jpg 320w, https:\/\/www.vosma.org\/onlus\/wp-content\/uploads\/2015\/12\/IMG_0525-960x768.jpg 960w, https:\/\/www.vosma.org\/onlus\/wp-content\/uploads\/2015\/12\/IMG_0525-480x384.jpg 480w, https:\/\/www.vosma.org\/onlus\/wp-content\/uploads\/2015\/12\/IMG_0525-240x192.jpg 240w\" sizes=\"(max-width: 320px) 100vw, 320px\" \/><\/a>A.S.D. Bonga, i partecipanti hanno imparato velocemente a \u201ccavalcare le onde\u201d cos\u00ec che, superato l\u2019iniziale disagio nel trovarsi a muoversi in acqua sulla tavola da surf, si son potuti ambientare immediatamente interagendo in sicurezza e consapevolezza in mezzo alle onde.<br \/>\nL\u2019apprendimento delle tecniche di surf \u00e8 stato cos\u00ec veicolare alla prevista attivit\u00e0 di avvicinamento e sensibilizzazione all\u2019ulteriore fondamentale componente progettuale caratterizzata dalla corretta interazione con l\u2019elemento mare in chiave di acquisizione dei concetti e delle valide modalit\u00e0 di operativit\u00e0 in acqua da parte dell\u2019individuo a garanzia della propria ed altrui incolumit\u00e0.<\/p>\n<p>Infatti, malgrado la maggior parte delle persone sappia sicuramente nuotare, nei termini di sapersi spostare in acqua a nuoto, di contro non risulta, purtroppo, in grado di individuare possibili fonti di rischio per la propria e l\u2019altrui incolumit\u00e0 rispetto al moto ondoso ed alle correnti in genere, date in particolare dai caratteri del fondale dello specchio acqueo in cui ci si trova a nuotare in serenit\u00e0 e spesso all\u2019oscuro delle dinamiche che in esso si possono verificare. Oltre a ci\u00f2 nel caso in cui accadano imprevisti in occasione della propria pratica natatoria, non sempre si sa come comportarsi per potersi agevolmente tirar fuori in sicurezza da situazioni di possibile quanto crescente pericolo per la propria vita nella maggior parte dei casi.<a href=\"http:\/\/www.vosma.org\/onlus\/wp-content\/uploads\/2015\/12\/IMG_0537.jpg\" data-rel=\"lightbox-image-2\" data-rl_title=\"\" data-rl_caption=\"\" title=\"\"><img loading=\"lazy\" decoding=\"async\" class=\"alignright wp-image-96 size-column3-4\/5\" src=\"http:\/\/www.vosma.org\/onlus\/wp-content\/uploads\/2015\/12\/IMG_0537-320x256.jpg\" alt=\"IMG_0537\" width=\"320\" height=\"256\" srcset=\"https:\/\/www.vosma.org\/onlus\/wp-content\/uploads\/2015\/12\/IMG_0537-320x256.jpg 320w, https:\/\/www.vosma.org\/onlus\/wp-content\/uploads\/2015\/12\/IMG_0537-960x768.jpg 960w, https:\/\/www.vosma.org\/onlus\/wp-content\/uploads\/2015\/12\/IMG_0537-480x384.jpg 480w, https:\/\/www.vosma.org\/onlus\/wp-content\/uploads\/2015\/12\/IMG_0537-240x192.jpg 240w\" sizes=\"(max-width: 320px) 100vw, 320px\" \/><\/a><\/p>\n<p>Partendo da tale assunto, si \u00e8 cos\u00ec presa di riferimento la disciplina sportiva del surf da onda che permette maggiormente a chi la pratica di prendere dimestichezza con le dinamiche meteo marine,\u00a0tra cui in particolare le correnti, quali illustri sconosciute che rappresentano statisticamente gli elementi di maggior rischio per i bagnanti inesperti o quantomeno non del tutto coscienti dell\u2019assoluta ingestibilit\u00e0 del mare e dei fenomeni ad esso connessi.<\/p>\n<p>&nbsp;<\/p>\n<p>In sintesi, nell\u2019ambito della concreta attuazione dell\u2019iniziativa si \u00e8, pertanto, proceduto secondo la seguente metodologia di lavoro:<\/p>\n<ul>\n<li>riunione conoscitiva tra operatori e beneficiari;<\/li>\n<li>lezioni teorico-pratiche di educazione ambientale, pratica del surf e illustrazione delle peculiarit\u00e0 naturali dei contesti litoranei di riferimento;<\/li>\n<li>monitoraggio costante da parte degli operatori riguardo sicurezza e coinvolgimento dei partecipanti;<\/li>\n<li>organizzazione di momenti di condivisione tra i partecipanti al fine di confronto delle esperienze e sensazioni individuali volta per volta vissute nell\u2019immediato \u201cdopo surf\u201d e maturate con la mediazione degli operatori.<\/li>\n<\/ul>\n<p>La Sperimentazione Ludica Assistita \u00e8 risulta essere il metodo di apprendimento fondamentale del <em>training<\/em> attraverso l&#8217;interazione continua con gli elementi naturali (mareggiate, venti ed elementi marini in genere).<\/p>\n<p>&nbsp;<\/p>\n<p>Le attivit\u00e0 sono consistite nei seguenti momenti:<\/p>\n<ul>\n<li>acquaticit\u00e0 e pratica del nuoto (sviluppo e perfezionamento della confidenza con l&#8217;acqua)<\/li>\n<li>seminario pratico di surf come sport ricreazionale e ausilio professionale di soccorso;<\/li>\n<li>seminario di tecnica, strumenti e significato del salvamento a mare, pratica e coinvolgimento in esercitazioni ludico-competitive di soccorso;<\/li>\n<li>azioni di tutela ambientale costiera;<\/li>\n<li>attuazione ragionata di intervento di accessibilit\u00e0 balneare agevolata per disabili, analisi degli ausili e sperimentazione ludica della condizione di disabilit\u00e0 e verifica della funzionalit\u00e0 dell\u2019intervento.<\/li>\n<\/ul>\n<p>&nbsp;<\/p>\n<p>Gli <strong><u>obiettivi<\/u><\/strong> che si \u00e8 ritenuto di aver conseguito con successo, come dimostrato altres\u00ec dal grande entusiasmo dei partecipanti, al termine della presente iniziativa socio \u2013 ambientale sono facilmente ricapitolabili nei punti sotto esposti:<\/p>\n<ul>\n<li>avvicinamento alla pratica sportiva surf da onda;<\/li>\n<li>apprendimento delle dinamiche del movimento del corpo umano in mare con l\u2019ausilio della tavola da surf;<\/li>\n<li>ampliamento della conoscenza dell&#8217;ambiente marino, dunare e retrodunare;<\/li>\n<li>sensibilizzazione dei giovani rispetto alle problematiche ambientali cos\u00ec da mantenere alta l\u2019attenzione sull\u2019importanza vitale e strategica della risorsa mare e sulla tutela delle spiagge;<\/li>\n<li>incentivazione ad una fruizione delle risorse litoranee eco-compatibile;<\/li>\n<li>promozione dei processi educativi\u00a0 finalizzati\u00a0 al\u00a0 cambiamento\u00a0 nei\u00a0 comportamenti\u00a0 e\u00a0 nelle\u00a0 abitudini\u00a0 e\u00a0 alla valorizzazione\u00a0 di\u00a0 atteggiamenti\u00a0 virtuosi\u00a0 verso\u00a0 l\u2019ambiente\u00a0 inteso\u00a0 come\u00a0 patrimonio\u00a0 comune\u00a0 e\u00a0 non\u00a0 a\u00a0 uso e consumo del singolo;<\/li>\n<li>valorizzazione di un\u2019idea di futuro, orientato a un cambiamento che permetta di assumere come valore la qualit\u00e0 della vita, dei rapporti tra le persone e dell\u2019equilibrata interazione tra l\u2019uomo e l\u2019ambiente;<\/li>\n<li>stimolazione dei giovani partecipanti a coltivare una passione, con dedizione e costanza, in modo che possa condurre nel tempo ad individuare la propria strada di vita.<\/li>\n<\/ul>\n<p><a href=\"http:\/\/www.vosma.org\/onlus\/wp-content\/uploads\/2015\/12\/IMG_0440.jpg\" data-rel=\"lightbox-image-3\" data-rl_title=\"\" data-rl_caption=\"\" title=\"\"><img loading=\"lazy\" decoding=\"async\" class=\"aligncenter wp-image-102 size-column2-3\/5\" src=\"http:\/\/www.vosma.org\/onlus\/wp-content\/uploads\/2015\/12\/IMG_0440-480x288.jpg\" alt=\"IMG_0440\" width=\"480\" height=\"288\" srcset=\"https:\/\/www.vosma.org\/onlus\/wp-content\/uploads\/2015\/12\/IMG_0440-480x288.jpg 480w, https:\/\/www.vosma.org\/onlus\/wp-content\/uploads\/2015\/12\/IMG_0440-960x576.jpg 960w, https:\/\/www.vosma.org\/onlus\/wp-content\/uploads\/2015\/12\/IMG_0440-320x192.jpg 320w, https:\/\/www.vosma.org\/onlus\/wp-content\/uploads\/2015\/12\/IMG_0440-240x144.jpg 240w\" sizes=\"(max-width: 480px) 100vw, 480px\" \/><\/a><\/p>\n","protected":false},"excerpt":{"rendered":"<p>Al fine di diffondere il concetto della sicurezza in mare, in ottica di prevenzione dei rischi da parte dell\u2019utenza balneare, l\u2019Associazione Vo.S.Ma. ONLUS. con il fondamentale contributo della Fondazione Banco di Sardegna, ha realizzato un\u2019iniziativa volta all\u2019apprendimento delle nozioni basilari di sicurezza attuando altres\u00ec una vera e propria sensibilizzazione ambientale verso diversi giovani attraverso l\u2019avvicinamento<\/p>\n<p><a href=\"https:\/\/www.vosma.org\/onlus\/progetto-surf-rescue-school\/\" class=\"more-link themebutton\">Read More<\/a><\/p>\n","protected":false},"author":1,"featured_media":0,"parent":0,"menu_order":0,"comment_status":"closed","ping_status":"closed","template":"","meta":{"footnotes":""},"class_list":["post-32","page","type-page","status-publish","hentry"],"_links":{"self":[{"href":"https:\/\/www.vosma.org\/onlus\/wp-json\/wp\/v2\/pages\/32"}],"collection":[{"href":"https:\/\/www.vosma.org\/onlus\/wp-json\/wp\/v2\/pages"}],"about":[{"href":"https:\/\/www.vosma.org\/onlus\/wp-json\/wp\/v2\/types\/page"}],"author":[{"embeddable":true,"href":"https:\/\/www.vosma.org\/onlus\/wp-json\/wp\/v2\/users\/1"}],"replies":[{"embeddable":true,"href":"https:\/\/www.vosma.org\/onlus\/wp-json\/wp\/v2\/comments?post=32"}],"version-history":[{"count":27,"href":"https:\/\/www.vosma.org\/onlus\/wp-json\/wp\/v2\/pages\/32\/revisions"}],"predecessor-version":[{"id":162,"href":"https:\/\/www.vosma.org\/onlus\/wp-json\/wp\/v2\/pages\/32\/revisions\/162"}],"wp:attachment":[{"href":"https:\/\/www.vosma.org\/onlus\/wp-json\/wp\/v2\/media?parent=32"}],"curies":[{"name":"wp","href":"https:\/\/api.w.org\/{rel}","templated":true}]}}